{"id":590,"date":"2017-07-21T09:37:14","date_gmt":"2017-07-21T09:37:14","guid":{"rendered":"https:\/\/ipsos-corfu.com\/it\/?page_id=590"},"modified":"2017-07-26T08:55:41","modified_gmt":"2017-07-26T05:55:41","slug":"di-corfu-appartamenti-ipsos-corfu","status":"publish","type":"page","link":"https:\/\/ipsos-corfu.com\/it\/di-corfu-appartamenti-ipsos-corfu\/","title":{"rendered":"Di Corfu"},"content":{"rendered":"<section class=\"section  text-normal section-text-no-shadow section-inner-no-shadow section-normal section-opaque\" >\n            <div class=\"background-media\" style=\"background-image: url(&#039;https:\/\/ipsos-corfu.com\/wp-content\/uploads\/2017\/07\/corfu-header.jpg&#039;); background-repeat:no-repeat; background-size:cover; background-attachment:no-scroll; background-position: 50% 0%;\" >\n                    <\/div>\n    \n    <div class=\"background-overlay grid-overlay-0 \" style=\"background-color: rgba(0,0,0,0);\"><\/div>\n\n    <div class=\"container container-vertical-middle\">\n        <div class=\"row vertical-middle\">\n            <div class=\"col-md-12     text-center small-screen-default\"  ><h1 class=\"text-default  element-top-100 element-bottom-10 text-light bigger regular\" data-os-animation=\"none\" data-os-animation-delay=\"0s\" >\n    Appartamenti Corf\u00f9 Ipsos<\/h1><div class=\"divider-border  divider-border-center element-top-20 element-bottom-100\" data-os-animation=\"none\" data-os-animation-delay=\"0s\" >\n    <div class=\"divider-border-inner\"  style=\"background:#ffffff; \"><\/div>\n<\/div><\/div>        <\/div>\n    <\/div>\n<\/section><section class=\"section  text-normal section-text-no-shadow section-inner-no-shadow section-normal section-opaque\" >\n    \n    <div class=\"background-overlay grid-overlay-0 \" style=\"background-color: rgba(242,242,242,0);\"><\/div>\n\n    <div class=\"container container-vertical-default\">\n        <div class=\"row vertical-default\">\n            <div class=\"col-md-12     text-center small-screen-default\"  ><div class=\"divider-wrapper \" style=\"visibility:hidden;background-color:#FFFFFF\">\n    <div class=\"visible-xs\" style=\"height:50px;\"><\/div>\n    <div class=\"visible-sm\" style=\"height:50px;\"><\/div>\n    <div class=\"visible-md\" style=\"height:50px;\"><\/div>\n    <div class=\"visible-lg\" style=\"height:50px;\"><\/div>\n<\/div><div class=\"row \"><div class=\"col-md-6     text-left small-screen-default\"  ><div class=\"divider-wrapper \" style=\"visibility:hidden;background-color:#FFFFFF\">\n    <div class=\"visible-xs\" style=\"height:50px;\"><\/div>\n    <div class=\"visible-sm\" style=\"height:50px;\"><\/div>\n    <div class=\"visible-md\" style=\"height:110px;\"><\/div>\n    <div class=\"visible-lg\" style=\"height:110px;\"><\/div>\n<\/div><div class=\"col-text-1 text-normal  element-top-50 element-bottom-20\" data-os-animation=\"none\" data-os-animation-delay=\"0s\">\n    <p>Corf\u00f9 \u00e8 un&#8217; isola greca nel Mare Jonico. Negli ultimi decenni \u00e8 diventata un destino turistico popolare grazie alla bellezza dei suoi paesaggi ed i servizi di alta qualit\u00e0 che offre ai suoi visitanti, mentre \u00e8 stata anche la prima isola greca ad aver ospitato delle imprese di turismo.<\/p>\n<p>Ad esempio, nel 2007, la citt\u00e0 vecchia di Corf\u00f9 \u00e8 stata aggiunta dall&#8217; UNESCO all&#8217; Elenco del Patrimonio Mondiale, mentre la bellezza naturale di Corf\u00f9 non \u00e8 rimasta inosservata dall&#8217; industria del cinema, siccome \u00e8 stato l&#8217; ambiente di molti film.<\/p>\n<\/div>\n<\/div><div class=\"col-md-6     text-center small-screen-default\"  ><div class=\"figure element-top-20 element-bottom-20  \" data-os-animation=\"none\" data-os-animation-delay=\"0s\">\n            <a href=\"https:\/\/ipsos-corfu.com\/wp-content\/uploads\/2017\/07\/corfu-architecture-1.jpg\" class=\"figure-image magnific\" target=\"_self\">\n        <img loading=\"lazy\" decoding=\"async\" width=\"555\" height=\"488\" src=\"https:\/\/ipsos-corfu.com\/wp-content\/uploads\/2017\/07\/corfu-architecture-1.jpg\" class=\"attachment-full size-full\" alt=\"\" srcset=\"https:\/\/ipsos-corfu.com\/wp-content\/uploads\/2017\/07\/corfu-architecture-1.jpg 555w, https:\/\/ipsos-corfu.com\/wp-content\/uploads\/2017\/07\/corfu-architecture-1-500x440.jpg 500w, https:\/\/ipsos-corfu.com\/wp-content\/uploads\/2017\/07\/corfu-architecture-1-90x79.jpg 90w\" sizes=\"auto, (max-width: 555px) 100vw, 555px\" \/>            <\/a>\n    <\/div>\n<\/div><\/div><div class=\"divider-wrapper \" style=\"visibility:hidden;background-color:#FFFFFF\">\n    <div class=\"visible-xs\" style=\"height:50px;\"><\/div>\n    <div class=\"visible-sm\" style=\"height:50px;\"><\/div>\n    <div class=\"visible-md\" style=\"height:50px;\"><\/div>\n    <div class=\"visible-lg\" style=\"height:50px;\"><\/div>\n<\/div><\/div>        <\/div>\n    <\/div>\n<\/section><section class=\"section  text-normal section-text-no-shadow section-inner-no-shadow section-normal section-opaque\" >\n    \n    <div class=\"background-overlay grid-overlay-0 \" style=\"background-color: rgba(242,242,242,1);\"><\/div>\n\n    <div class=\"container container-vertical-default\">\n        <div class=\"row vertical-default\">\n            <div class=\"col-md-12     text-center small-screen-default\"  ><div class=\"divider-wrapper \" style=\"visibility:hidden;background-color:#FFFFFF\">\n    <div class=\"visible-xs\" style=\"height:50px;\"><\/div>\n    <div class=\"visible-sm\" style=\"height:50px;\"><\/div>\n    <div class=\"visible-md\" style=\"height:50px;\"><\/div>\n    <div class=\"visible-lg\" style=\"height:50px;\"><\/div>\n<\/div><div class=\"row \"><div class=\"col-md-6     text-center small-screen-default\"  ><div class=\"figure element-top-20 element-bottom-20  \" data-os-animation=\"none\" data-os-animation-delay=\"0s\">\n            <a href=\"https:\/\/ipsos-corfu.com\/wp-content\/uploads\/2017\/07\/kumquat-apartments-ipsos-corfu.jpg\" class=\"figure-image magnific\" target=\"_self\">\n        <img loading=\"lazy\" decoding=\"async\" width=\"555\" height=\"488\" src=\"https:\/\/ipsos-corfu.com\/wp-content\/uploads\/2017\/07\/kumquat-apartments-ipsos-corfu.jpg\" class=\"attachment-full size-full\" alt=\"\" srcset=\"https:\/\/ipsos-corfu.com\/wp-content\/uploads\/2017\/07\/kumquat-apartments-ipsos-corfu.jpg 555w, https:\/\/ipsos-corfu.com\/wp-content\/uploads\/2017\/07\/kumquat-apartments-ipsos-corfu-500x440.jpg 500w, https:\/\/ipsos-corfu.com\/wp-content\/uploads\/2017\/07\/kumquat-apartments-ipsos-corfu-90x79.jpg 90w\" sizes=\"auto, (max-width: 555px) 100vw, 555px\" \/>            <\/a>\n    <\/div>\n<\/div><div class=\"col-md-6     text-left small-screen-default\"  ><div class=\"divider-wrapper \" style=\"visibility:hidden;background-color:#FFFFFF\">\n    <div class=\"visible-xs\" style=\"height:50px;\"><\/div>\n    <div class=\"visible-sm\" style=\"height:50px;\"><\/div>\n    <div class=\"visible-md\" style=\"height:110px;\"><\/div>\n    <div class=\"visible-lg\" style=\"height:110px;\"><\/div>\n<\/div><div class=\"col-text-1 text-normal  element-top-50 element-bottom-20\" data-os-animation=\"none\" data-os-animation-delay=\"0s\">\n    <p style=\"text-align: left;\">A Corf\u00f9 il visitante merita di vivere momenti bellissimi nei paesini dell&#8217; isola (come Ipsos), godersi i paesaggi, i mari e le viste che si offrono, nonch\u00e9 tanti piatti e prodotti locali (la \u201cpastizzada\u201d, il \u201csoffritt\u201d, etc.).<\/p>\n<p style=\"text-align: left;\">Inoltre, ha la possibilit\u00e0 di svolgere un viaggio nel passato passeggiando nella citt\u00e0 vecchia o di visitare alcuno dei musei presenti e di fare i suoi acquisti nel mercato della citt\u00e0. Oltre questo, Corf\u00f9 offre dei mezzi di trasporto da considerare, sia dentro il capoluogo che al di fuori, per quanto riguarda sia i mezzi pubblici che il noleggio di veicoli.<\/p>\n<\/div>\n<\/div><\/div><div class=\"divider-wrapper \" style=\"visibility:hidden;background-color:#FFFFFF\">\n    <div class=\"visible-xs\" style=\"height:50px;\"><\/div>\n    <div class=\"visible-sm\" style=\"height:50px;\"><\/div>\n    <div class=\"visible-md\" style=\"height:50px;\"><\/div>\n    <div class=\"visible-lg\" style=\"height:50px;\"><\/div>\n<\/div><\/div>        <\/div>\n    <\/div>\n<\/section><section class=\"section  text-normal section-text-no-shadow section-inner-no-shadow section-normal section-opaque\" >\n            <div class=\"background-media\" style=\"background-image: url(&#039;https:\/\/ipsos-corfu.com\/wp-content\/uploads\/2017\/07\/vlacherna-corfu.jpg&#039;); background-repeat:no-repeat; background-size:cover; background-attachment:fixed; background-position: 50% 0%;\" data-start=\"background-position: 50% 0px\" data-0-top-bottom=\"background-position: 50% 0px\">\n                    <\/div>\n    \n    <div class=\"background-overlay grid-overlay-0 \" style=\"background-color: rgba(242,242,242,0);\"><\/div>\n\n    <div class=\"container-fullwidth container-vertical-default\">\n        <div class=\"row vertical-default\">\n            <div class=\"col-md-6    pad text-left small-screen-default\"  style=\"background:rgba(0, 0, 0, 0.7);\"><div class=\"col-text-1 text-light  element-top-60 element-bottom-60\" data-os-animation=\"none\" data-os-animation-delay=\"0s\">\n    <p style=\"padding: 30px 70px 30px 70px;\">Corf\u00f9 gode di un clima mite. Nell&#8217; estate, le temperature arrivano ai 39 gradi centigradi, mentre durante l&#8217; inverno il livello delle pioggie \u00e8 alto ma le temperature sono moderate. Durante tutto l&#8217; anno, il livello dell&#8217; umidit\u00e0 risulta alto. Il risultato di queste condizioni \u00e8 il coltivo e la produzione di olio d&#8217; oliva e vino di alta qualit\u00e0, nonch\u00e9 del miele.<\/p>\n<\/div>\n<\/div><div class=\"col-md-6     text-default small-screen-default\"  ><\/div>        <\/div>\n    <\/div>\n<\/section>\n","protected":false},"excerpt":{"rendered":"Appartamenti Corf\u00f9 Ipsos Corf\u00f9 \u00e8 un' isola greca nel Mare Jonico. Negli ultimi decenni \u00e8 diventata un destino turistico popolare grazie alla bellezza dei suoi paesaggi ed i servizi di alta qualit\u00e0 che offre ai suoi visitanti, mentre \u00e8 stata anche la prima isola greca ad aver ospitato delle imprese di turismo. Ad esempio, nel","protected":false},"author":1,"featured_media":0,"parent":0,"menu_order":0,"comment_status":"open","ping_status":"closed","template":"","meta":{"footnotes":""},"class_list":["post-590","page","type-page","status-publish","hentry"],"aioseo_notices":[],"_links":{"self":[{"href":"https:\/\/ipsos-corfu.com\/it\/wp-json\/wp\/v2\/pages\/590","targetHints":{"allow":["GET"]}}],"collection":[{"href":"https:\/\/ipsos-corfu.com\/it\/wp-json\/wp\/v2\/pages"}],"about":[{"href":"https:\/\/ipsos-corfu.com\/it\/wp-json\/wp\/v2\/types\/page"}],"author":[{"embeddable":true,"href":"https:\/\/ipsos-corfu.com\/it\/wp-json\/wp\/v2\/users\/1"}],"replies":[{"embeddable":true,"href":"https:\/\/ipsos-corfu.com\/it\/wp-json\/wp\/v2\/comments?post=590"}],"version-history":[{"count":9,"href":"https:\/\/ipsos-corfu.com\/it\/wp-json\/wp\/v2\/pages\/590\/revisions"}],"predecessor-version":[{"id":739,"href":"https:\/\/ipsos-corfu.com\/it\/wp-json\/wp\/v2\/pages\/590\/revisions\/739"}],"wp:attachment":[{"href":"https:\/\/ipsos-corfu.com\/it\/wp-json\/wp\/v2\/media?parent=590"}],"curies":[{"name":"wp","href":"https:\/\/api.w.org\/{rel}","templated":true}]}}