{"id":608,"date":"2017-07-21T10:31:11","date_gmt":"2017-07-21T10:31:11","guid":{"rendered":"https:\/\/ipsos-corfu.com\/it\/?page_id=608"},"modified":"2025-03-06T14:26:36","modified_gmt":"2025-03-06T11:26:36","slug":"ipsos-corfu","status":"publish","type":"page","link":"https:\/\/ipsos-corfu.com\/it\/ipsos-corfu\/","title":{"rendered":"Ipsos Corfu"},"content":{"rendered":"<section class=\"section  text-normal section-text-no-shadow section-inner-no-shadow section-normal section-opaque\" >\n            <div class=\"background-media\" style=\"background-image: url(&#039;https:\/\/ipsos-corfu.com\/wp-content\/uploads\/2017\/07\/about-ipsos-corfu-ipsos-apartments-corfu-header.jpg&#039;); background-repeat:no-repeat; background-size:cover; background-attachment:no-scroll; background-position: 50% 0%;\" >\n                    <\/div>\n    \n    <div class=\"background-overlay grid-overlay-0 \" style=\"background-color: rgba(0,0,0,0);\"><\/div>\n\n    <div class=\"container container-vertical-middle\">\n        <div class=\"row vertical-middle\">\n            <div class=\"col-md-12     text-center small-screen-default\"  ><h1 class=\"text-default  element-top-100 element-bottom-10 text-light bigger regular\" data-os-animation=\"none\" data-os-animation-delay=\"0s\" >\n    Ipsos Appartamenti Corf\u00f9<\/h1><div class=\"divider-border  divider-border-center element-top-20 element-bottom-100\" data-os-animation=\"none\" data-os-animation-delay=\"0s\" >\n    <div class=\"divider-border-inner\"  style=\"background:#ffffff; \"><\/div>\n<\/div><\/div>        <\/div>\n    <\/div>\n<\/section><section class=\"section  text-normal section-text-no-shadow section-inner-no-shadow section-normal section-opaque\" >\n    \n    <div class=\"background-overlay grid-overlay-0 \" style=\"background-color: rgba(242,242,242,0);\"><\/div>\n\n    <div class=\"container container-vertical-default\">\n        <div class=\"row vertical-default\">\n            <div class=\"col-md-12     text-center small-screen-default\"  ><div class=\"divider-wrapper \" style=\"visibility:hidden;background-color:#FFFFFF\">\n    <div class=\"visible-xs\" style=\"height:50px;\"><\/div>\n    <div class=\"visible-sm\" style=\"height:50px;\"><\/div>\n    <div class=\"visible-md\" style=\"height:50px;\"><\/div>\n    <div class=\"visible-lg\" style=\"height:50px;\"><\/div>\n<\/div><div class=\"row \"><div class=\"col-md-6     text-left small-screen-default\"  ><div class=\"divider-wrapper \" style=\"visibility:hidden;background-color:#FFFFFF\">\n    <div class=\"visible-xs\" style=\"height:30px;\"><\/div>\n    <div class=\"visible-sm\" style=\"height:30px;\"><\/div>\n    <div class=\"visible-md\" style=\"height:110px;\"><\/div>\n    <div class=\"visible-lg\" style=\"height:110px;\"><\/div>\n<\/div><div class=\"col-text-1 text-normal  element-top-20 element-bottom-20\" data-os-animation=\"none\" data-os-animation-delay=\"0s\">\n    <p style=\"text-align: left;\">Ipsos \u00e8 una zona molto frequentata vicino al centro di Corf\u00f9, nella parte nord-ovest dell&#8217; isola. La sua spiaggia, con il mare pulitissimo e una multitudine di sport aquatici che si offrono come possibilit\u00e0, si offre come idonea per le vostre vacanze.<\/p>\n<p style=\"text-align: left;\">La zona dispone di una multitudine di ristoranti e bar degni di considerazioni. Il viaggiatore affamato pu\u00f2 cenare a scelta tra i ristoranti di pesce, i ristoranti italiani, le pizzerie, i ristoranti greci, ed il ristorante cinese. Pi\u00f9 tardi, pu\u00f2 godersi una passeggiata e prendersi una bevanda rilassante nei bar della zona. Naturalmente, pu\u00f2 concludere la sua giornata ballando e bevendo cocktail nei club notturni della zona (come il Montecristo).<\/p>\n<p>La posizione di Ipsos, inoltre, \u00e8 ideale per viaggi pi\u00f9 lunghi. Essere al centro dell&#8217;isola consente l&#8217;accesso a breve tempo in citt\u00e0 di Corf\u00f9, a nord o sud dell&#8217;isola in autobus o con altri mezzi.<\/p>\n<\/div>\n<\/div><div class=\"col-md-6     text-default small-screen-default\"  ><div class=\"figure element-top-20 element-bottom-20  \" data-os-animation=\"none\" data-os-animation-delay=\"0s\">\n            <a href=\"https:\/\/ipsos-corfu.com\/wp-content\/uploads\/2017\/07\/about-ipsos-corfu-ipsos-apartments-corfu.jpg\" class=\"figure-image magnific\" target=\"_self\">\n        <img loading=\"lazy\" decoding=\"async\" width=\"555\" height=\"488\" src=\"https:\/\/ipsos-corfu.com\/wp-content\/uploads\/2017\/07\/about-ipsos-corfu-ipsos-apartments-corfu.jpg\" class=\"attachment-full size-full\" alt=\"\" srcset=\"https:\/\/ipsos-corfu.com\/wp-content\/uploads\/2017\/07\/about-ipsos-corfu-ipsos-apartments-corfu.jpg 555w, https:\/\/ipsos-corfu.com\/wp-content\/uploads\/2017\/07\/about-ipsos-corfu-ipsos-apartments-corfu-500x440.jpg 500w, https:\/\/ipsos-corfu.com\/wp-content\/uploads\/2017\/07\/about-ipsos-corfu-ipsos-apartments-corfu-90x79.jpg 90w\" sizes=\"auto, (max-width: 555px) 100vw, 555px\" \/>            <\/a>\n    <\/div>\n<\/div><\/div><div class=\"divider-wrapper \" style=\"visibility:hidden;background-color:#FFFFFF\">\n    <div class=\"visible-xs\" style=\"height:50px;\"><\/div>\n    <div class=\"visible-sm\" style=\"height:50px;\"><\/div>\n    <div class=\"visible-md\" style=\"height:50px;\"><\/div>\n    <div class=\"visible-lg\" style=\"height:50px;\"><\/div>\n<\/div><\/div>        <\/div>\n    <\/div>\n<\/section><section class=\"section  text-normal section-text-no-shadow section-inner-no-shadow section-normal section-opaque\" id=\"location\" >\n            <div class=\"background-media\" style=\"background-image: url(&#039;https:\/\/ipsos-corfu.com\/wp-content\/uploads\/2017\/07\/ipsos-apartments-corfu-back-1.jpg&#039;); background-repeat:no-repeat; background-size:cover; background-attachment:fixed; background-position: 50% 0%;\" data-start=\"background-position: 50% 0px\" data-0-top-bottom=\"background-position: 50% 0px\">\n                    <\/div>\n    \n    <div class=\"background-overlay grid-overlay-0 \" style=\"background-color: rgba(242,242,242,0);\"><\/div>\n\n    <div class=\"container-fullwidth container-vertical-default\">\n        <div class=\"row vertical-default\">\n            <div class=\"col-md-12     text-center small-screen-default\"  ><div class=\"divider-wrapper \" style=\"visibility:hidden;background-color:#FFFFFF\">\n    <div class=\"visible-xs\" style=\"height:50px;\"><\/div>\n    <div class=\"visible-sm\" style=\"height:50px;\"><\/div>\n    <div class=\"visible-md\" style=\"height:50px;\"><\/div>\n    <div class=\"visible-lg\" style=\"height:50px;\"><\/div>\n<\/div><div class=\"row \"><div class=\"col-md-2     text-default small-screen-default\"  ><\/div><div class=\"col-md-8     text-default small-screen-default\"  ><div class=\"col-text-1 text-light  element-top-20 element-bottom-20\" data-os-animation=\"none\" data-os-animation-delay=\"0s\">\n    <div style=\"background: rgba(0, 0, 0, 0.7); padding: 40px 30px 20px; font-size: 25px;\">Prenotate la vacanza dei tuoi sogni sulla spiaggia di Alexandra Apartments Ipsos Corf\u00f9!<br \/>\n<a class=\"btn btn-primary btn-lg text-normal element-left-0 element-right-0 element-top-20 element-bottom-40 os-animation animated fadeInUp\" style=\"background: rgba(75, 144, 226, 0.8); animation-delay: 0.1s;\" href=\"https:\/\/ipsos-corfu.com\/it\/alloggio-ipsos-corfu\/#book\" target=\"_self\" rel=\"noopener noreferrer\" data-os-animation=\"fadeInUp\" data-os-animation-delay=\"0.1s\">Prenota Ora<\/a><\/div>\n<\/div>\n<\/div><div class=\"col-md-2     text-default small-screen-default\"  ><\/div><\/div><div class=\"divider-wrapper \" style=\"visibility:hidden;background-color:#FFFFFF\">\n    <div class=\"visible-xs\" style=\"height:50px;\"><\/div>\n    <div class=\"visible-sm\" style=\"height:50px;\"><\/div>\n    <div class=\"visible-md\" style=\"height:50px;\"><\/div>\n    <div class=\"visible-lg\" style=\"height:50px;\"><\/div>\n<\/div><\/div>        <\/div>\n    <\/div>\n<\/section>\n","protected":false},"excerpt":{"rendered":"Ipsos Appartamenti Corf\u00f9 Ipsos \u00e8 una zona molto frequentata vicino al centro di Corf\u00f9, nella parte nord-ovest dell' isola. La sua spiaggia, con il mare pulitissimo e una multitudine di sport aquatici che si offrono come possibilit\u00e0, si offre come idonea per le vostre vacanze. La zona dispone di una multitudine di ristoranti e bar","protected":false},"author":1,"featured_media":0,"parent":0,"menu_order":0,"comment_status":"closed","ping_status":"closed","template":"","meta":{"footnotes":""},"class_list":["post-608","page","type-page","status-publish","hentry"],"aioseo_notices":[],"_links":{"self":[{"href":"https:\/\/ipsos-corfu.com\/it\/wp-json\/wp\/v2\/pages\/608","targetHints":{"allow":["GET"]}}],"collection":[{"href":"https:\/\/ipsos-corfu.com\/it\/wp-json\/wp\/v2\/pages"}],"about":[{"href":"https:\/\/ipsos-corfu.com\/it\/wp-json\/wp\/v2\/types\/page"}],"author":[{"embeddable":true,"href":"https:\/\/ipsos-corfu.com\/it\/wp-json\/wp\/v2\/users\/1"}],"replies":[{"embeddable":true,"href":"https:\/\/ipsos-corfu.com\/it\/wp-json\/wp\/v2\/comments?post=608"}],"version-history":[{"count":11,"href":"https:\/\/ipsos-corfu.com\/it\/wp-json\/wp\/v2\/pages\/608\/revisions"}],"predecessor-version":[{"id":2831,"href":"https:\/\/ipsos-corfu.com\/it\/wp-json\/wp\/v2\/pages\/608\/revisions\/2831"}],"wp:attachment":[{"href":"https:\/\/ipsos-corfu.com\/it\/wp-json\/wp\/v2\/media?parent=608"}],"curies":[{"name":"wp","href":"https:\/\/api.w.org\/{rel}","templated":true}]}}